{"id":473,"date":"2023-06-21T19:56:01","date_gmt":"2023-06-21T19:56:01","guid":{"rendered":"https:\/\/chatx.ai\/blog\/?page_id=473"},"modified":"2026-04-01T10:08:30","modified_gmt":"2026-04-01T10:08:30","slug":"politique-dannulation","status":"publish","type":"page","link":"https:\/\/chatx.ai\/blog\/fr\/politique-dannulation\/","title":{"rendered":"Politique d&#8217;annulation"},"content":{"rendered":"<h4>Droit de r\u00e9tractation<\/h4>\n<p>Vous avez le droit de vous r\u00e9tracter d\u2019un contrat dans un d\u00e9lai de quatorze jours sans donner de motif. Le d\u00e9lai commence \u00e0 la conclusion du contrat.<\/p>\n<p>Pour exercer votre droit de r\u00e9tractation, il suffit d\u2019envoyer une notification informelle par e-mail \u00e0 <a href=\"mailto:info@gull.ch\">info@gull.ch<\/a>. L\u2019envoi avant l\u2019expiration du d\u00e9lai suffit.<\/p>\n<h4>Cons\u00e9quences de la r\u00e9tractation<\/h4>\n<p>En cas de r\u00e9tractation valide, nous remboursons tous les paiements re\u00e7us sans d\u00e9lai et au plus tard dans les quatorze jours suivant la r\u00e9ception de la r\u00e9tractation. Le remboursement est effectu\u00e9 via le m\u00eame moyen de paiement, sauf accord contraire. Aucun frais ne sera factur\u00e9.<\/p>\n<h4>Expiration du droit de r\u00e9tractation<\/h4>\n<p>Le droit de r\u00e9tractation peut expirer en cas d\u2019utilisation anticip\u00e9e du service, notamment lors de la consommation de cr\u00e9dits ou en cas d\u2019utilisation intensive d\u2019un abonnement.<\/p>\n<p>Dans certains cas, nous nous r\u00e9servons le droit d\u2019\u00e9valuer si l\u2019utilisation du service ou la r\u00e9tractation est abusive.<\/p>\n<p>Si quelque chose ne correspond pas \u00e0 vos attentes, veuillez nous contacter \u00e0 <a href=\"mailto:info@gull.ch\">info@gull.ch<\/a>.<\/p>\n<p><strong>Date : mars 2026<\/strong><\/p>\n","protected":false},"excerpt":{"rendered":"<p>Droit de r\u00e9tractation Vous avez le droit de vous r\u00e9tracter d\u2019un contrat dans un d\u00e9lai de quatorze jours sans donner de motif. Le d\u00e9lai commence \u00e0 la conclusion du contrat. Pour exercer votre droit de r\u00e9tractation, il suffit d\u2019envoyer une notification informelle par e-mail \u00e0 info@gull.ch. L\u2019envoi avant l\u2019expiration du d\u00e9lai suffit. Cons\u00e9quences de la [&hellip;]<\/p>\n","protected":false},"author":1,"featured_media":0,"parent":0,"menu_order":0,"comment_status":"closed","ping_status":"closed","template":"","meta":{"footnotes":""},"class_list":["post-473","page","type-page","status-publish","hentry"],"yoast_head":"<!-- This site is optimized with the Yoast SEO plugin v27.3 - https:\/\/yoast.com\/product\/yoast-seo-wordpress\/ -->\n<title>Politique d&#039;annulation<\/title>\n<meta name=\"robots\" content=\"noindex, follow\" \/>\n<meta property=\"og:locale\" content=\"en_US\" \/>\n<meta property=\"og:type\" content=\"article\" \/>\n<meta property=\"og:title\" content=\"Politique d&#039;annulation\" \/>\n<meta property=\"og:description\" content=\"Droit de r\u00e9tractation Vous avez le droit de vous r\u00e9tracter d\u2019un contrat dans un d\u00e9lai de quatorze jours sans donner de motif. Le d\u00e9lai commence \u00e0 la conclusion du contrat. Pour exercer votre droit de r\u00e9tractation, il suffit d\u2019envoyer une notification informelle par e-mail \u00e0 info@gull.ch. L\u2019envoi avant l\u2019expiration du d\u00e9lai suffit. Cons\u00e9quences de la [&hellip;]\" \/>\n<meta property=\"og:url\" content=\"https:\/\/chatx.ai\/blog\/fr\/politique-dannulation\/\" \/>\n<meta property=\"og:site_name\" content=\"ChatX Blog\" \/>\n<meta property=\"article:modified_time\" content=\"2026-04-01T10:08:30+00:00\" \/>\n<meta name=\"twitter:card\" content=\"summary_large_image\" \/>\n<meta name=\"twitter:site\" content=\"@chatx_ai\" \/>\n<meta name=\"twitter:label1\" content=\"Est. reading time\" \/>\n\t<meta name=\"twitter:data1\" content=\"2 minutes\" \/>\n<script type=\"application\/ld+json\" class=\"yoast-schema-graph\">{\"@context\":\"https:\\\/\\\/schema.org\",\"@graph\":[{\"@type\":\"WebPage\",\"@id\":\"https:\\\/\\\/chatx.ai\\\/blog\\\/fr\\\/politique-dannulation\\\/\",\"url\":\"https:\\\/\\\/chatx.ai\\\/blog\\\/fr\\\/politique-dannulation\\\/\",\"name\":\"Politique d'annulation\",\"isPartOf\":{\"@id\":\"https:\\\/\\\/chatx.ai\\\/blog\\\/#website\"},\"datePublished\":\"2023-06-21T19:56:01+00:00\",\"dateModified\":\"2026-04-01T10:08:30+00:00\",\"breadcrumb\":{\"@id\":\"https:\\\/\\\/chatx.ai\\\/blog\\\/fr\\\/politique-dannulation\\\/#breadcrumb\"},\"inLanguage\":\"en-US\",\"potentialAction\":[{\"@type\":\"ReadAction\",\"target\":[\"https:\\\/\\\/chatx.ai\\\/blog\\\/fr\\\/politique-dannulation\\\/\"]}]},{\"@type\":\"BreadcrumbList\",\"@id\":\"https:\\\/\\\/chatx.ai\\\/blog\\\/fr\\\/politique-dannulation\\\/#breadcrumb\",\"itemListElement\":[{\"@type\":\"ListItem\",\"position\":1,\"name\":\"Home\",\"item\":\"https:\\\/\\\/chatx.ai\\\/blog\\\/\"},{\"@type\":\"ListItem\",\"position\":2,\"name\":\"Politique d&#8217;annulation\"}]},{\"@type\":\"WebSite\",\"@id\":\"https:\\\/\\\/chatx.ai\\\/blog\\\/#website\",\"url\":\"https:\\\/\\\/chatx.ai\\\/blog\\\/\",\"name\":\"ChatGPT\",\"description\":\"ChatGPT English\",\"publisher\":{\"@id\":\"https:\\\/\\\/chatx.ai\\\/blog\\\/#organization\"},\"potentialAction\":[{\"@type\":\"SearchAction\",\"target\":{\"@type\":\"EntryPoint\",\"urlTemplate\":\"https:\\\/\\\/chatx.ai\\\/blog\\\/?s={search_term_string}\"},\"query-input\":{\"@type\":\"PropertyValueSpecification\",\"valueRequired\":true,\"valueName\":\"search_term_string\"}}],\"inLanguage\":\"en-US\"},{\"@type\":\"Organization\",\"@id\":\"https:\\\/\\\/chatx.ai\\\/blog\\\/#organization\",\"name\":\"ChatX\",\"alternateName\":\"ChatGPT\",\"url\":\"https:\\\/\\\/chatx.ai\\\/blog\\\/\",\"logo\":{\"@type\":\"ImageObject\",\"inLanguage\":\"en-US\",\"@id\":\"https:\\\/\\\/chatx.ai\\\/blog\\\/#\\\/schema\\\/logo\\\/image\\\/\",\"url\":\"https:\\\/\\\/chatx.ai\\\/blog\\\/wp-content\\\/uploads\\\/2025\\\/04\\\/chatx.jpg\",\"contentUrl\":\"https:\\\/\\\/chatx.ai\\\/blog\\\/wp-content\\\/uploads\\\/2025\\\/04\\\/chatx.jpg\",\"width\":1024,\"height\":1024,\"caption\":\"ChatX\"},\"image\":{\"@id\":\"https:\\\/\\\/chatx.ai\\\/blog\\\/#\\\/schema\\\/logo\\\/image\\\/\"},\"sameAs\":[\"https:\\\/\\\/x.com\\\/chatx_ai\",\"https:\\\/\\\/instagram.com\\\/chatx.ai\"]}]}<\/script>\n<!-- \/ Yoast SEO plugin. -->","yoast_head_json":{"title":"Politique d'annulation","robots":{"index":"noindex","follow":"follow"},"og_locale":"en_US","og_type":"article","og_title":"Politique d'annulation","og_description":"Droit de r\u00e9tractation Vous avez le droit de vous r\u00e9tracter d\u2019un contrat dans un d\u00e9lai de quatorze jours sans donner de motif. Le d\u00e9lai commence \u00e0 la conclusion du contrat. Pour exercer votre droit de r\u00e9tractation, il suffit d\u2019envoyer une notification informelle par e-mail \u00e0 info@gull.ch. L\u2019envoi avant l\u2019expiration du d\u00e9lai suffit. Cons\u00e9quences de la [&hellip;]","og_url":"https:\/\/chatx.ai\/blog\/fr\/politique-dannulation\/","og_site_name":"ChatX Blog","article_modified_time":"2026-04-01T10:08:30+00:00","twitter_card":"summary_large_image","twitter_site":"@chatx_ai","twitter_misc":{"Est. reading time":"2 minutes"},"schema":{"@context":"https:\/\/schema.org","@graph":[{"@type":"WebPage","@id":"https:\/\/chatx.ai\/blog\/fr\/politique-dannulation\/","url":"https:\/\/chatx.ai\/blog\/fr\/politique-dannulation\/","name":"Politique d'annulation","isPartOf":{"@id":"https:\/\/chatx.ai\/blog\/#website"},"datePublished":"2023-06-21T19:56:01+00:00","dateModified":"2026-04-01T10:08:30+00:00","breadcrumb":{"@id":"https:\/\/chatx.ai\/blog\/fr\/politique-dannulation\/#breadcrumb"},"inLanguage":"en-US","potentialAction":[{"@type":"ReadAction","target":["https:\/\/chatx.ai\/blog\/fr\/politique-dannulation\/"]}]},{"@type":"BreadcrumbList","@id":"https:\/\/chatx.ai\/blog\/fr\/politique-dannulation\/#breadcrumb","itemListElement":[{"@type":"ListItem","position":1,"name":"Home","item":"https:\/\/chatx.ai\/blog\/"},{"@type":"ListItem","position":2,"name":"Politique d&#8217;annulation"}]},{"@type":"WebSite","@id":"https:\/\/chatx.ai\/blog\/#website","url":"https:\/\/chatx.ai\/blog\/","name":"ChatGPT","description":"ChatGPT English","publisher":{"@id":"https:\/\/chatx.ai\/blog\/#organization"},"potentialAction":[{"@type":"SearchAction","target":{"@type":"EntryPoint","urlTemplate":"https:\/\/chatx.ai\/blog\/?s={search_term_string}"},"query-input":{"@type":"PropertyValueSpecification","valueRequired":true,"valueName":"search_term_string"}}],"inLanguage":"en-US"},{"@type":"Organization","@id":"https:\/\/chatx.ai\/blog\/#organization","name":"ChatX","alternateName":"ChatGPT","url":"https:\/\/chatx.ai\/blog\/","logo":{"@type":"ImageObject","inLanguage":"en-US","@id":"https:\/\/chatx.ai\/blog\/#\/schema\/logo\/image\/","url":"https:\/\/chatx.ai\/blog\/wp-content\/uploads\/2025\/04\/chatx.jpg","contentUrl":"https:\/\/chatx.ai\/blog\/wp-content\/uploads\/2025\/04\/chatx.jpg","width":1024,"height":1024,"caption":"ChatX"},"image":{"@id":"https:\/\/chatx.ai\/blog\/#\/schema\/logo\/image\/"},"sameAs":["https:\/\/x.com\/chatx_ai","https:\/\/instagram.com\/chatx.ai"]}]}},"lang":"fr","translations":{"fr":473,"de":787,"es":479,"pt-br":485,"en":174,"it":747},"pll_sync_post":[],"_links":{"self":[{"href":"https:\/\/chatx.ai\/blog\/wp-json\/wp\/v2\/pages\/473","targetHints":{"allow":["GET"]}}],"collection":[{"href":"https:\/\/chatx.ai\/blog\/wp-json\/wp\/v2\/pages"}],"about":[{"href":"https:\/\/chatx.ai\/blog\/wp-json\/wp\/v2\/types\/page"}],"author":[{"embeddable":true,"href":"https:\/\/chatx.ai\/blog\/wp-json\/wp\/v2\/users\/1"}],"replies":[{"embeddable":true,"href":"https:\/\/chatx.ai\/blog\/wp-json\/wp\/v2\/comments?post=473"}],"version-history":[{"count":4,"href":"https:\/\/chatx.ai\/blog\/wp-json\/wp\/v2\/pages\/473\/revisions"}],"predecessor-version":[{"id":792,"href":"https:\/\/chatx.ai\/blog\/wp-json\/wp\/v2\/pages\/473\/revisions\/792"}],"wp:attachment":[{"href":"https:\/\/chatx.ai\/blog\/wp-json\/wp\/v2\/media?parent=473"}],"curies":[{"name":"wp","href":"https:\/\/api.w.org\/{rel}","templated":true}]}}