{"id":479,"date":"2023-06-21T19:56:01","date_gmt":"2023-06-21T19:56:01","guid":{"rendered":"https:\/\/chatx.ai\/blog\/?page_id=479"},"modified":"2026-04-01T10:08:38","modified_gmt":"2026-04-01T10:08:38","slug":"politica-de-cancelacion","status":"publish","type":"page","link":"https:\/\/chatx.ai\/blog\/es\/politica-de-cancelacion\/","title":{"rendered":"Pol\u00edtica de cancelaci\u00f3n"},"content":{"rendered":"<h4>Derecho de desistimiento<\/h4>\n<p>Tiene derecho a desistir de los contratos dentro de un plazo de catorce d\u00edas sin necesidad de justificaci\u00f3n. El plazo comienza con la celebraci\u00f3n del contrato.<\/p>\n<p>Para ejercer su derecho, basta con una notificaci\u00f3n informal por correo electr\u00f3nico a <a href=\"mailto:info@gull.ch\">info@gull.ch<\/a>. El env\u00edo dentro del plazo es suficiente.<\/p>\n<h4>Consecuencias del desistimiento<\/h4>\n<p>En caso de desistimiento v\u00e1lido, reembolsaremos todos los pagos recibidos sin demora y a m\u00e1s tardar dentro de los catorce d\u00edas desde la recepci\u00f3n. El reembolso se realizar\u00e1 mediante el mismo m\u00e9todo de pago, salvo acuerdo contrario. No se cobrar\u00e1n comisiones.<\/p>\n<h4>Extinci\u00f3n del derecho de desistimiento<\/h4>\n<p>El derecho de desistimiento puede extinguirse con el uso anticipado del servicio, en particular cuando se consumen tokens o en caso de uso intensivo de una suscripci\u00f3n.<\/p>\n<p>En casos individuales, nos reservamos el derecho de evaluar si el uso del servicio o el desistimiento es abusivo.<\/p>\n<p>Si algo no cumpli\u00f3 con sus expectativas, cont\u00e1ctenos en <a href=\"mailto:info@gull.ch\">info@gull.ch<\/a>.<\/p>\n<p><strong>Fecha: marzo de 2026<\/strong><\/p>\n","protected":false},"excerpt":{"rendered":"<p>Derecho de desistimiento Tiene derecho a desistir de los contratos dentro de un plazo de catorce d\u00edas sin necesidad de justificaci\u00f3n. El plazo comienza con la celebraci\u00f3n del contrato. Para ejercer su derecho, basta con una notificaci\u00f3n informal por correo electr\u00f3nico a info@gull.ch. El env\u00edo dentro del plazo es suficiente. Consecuencias del desistimiento En caso [&hellip;]<\/p>\n","protected":false},"author":1,"featured_media":0,"parent":0,"menu_order":0,"comment_status":"closed","ping_status":"closed","template":"","meta":{"footnotes":""},"class_list":["post-479","page","type-page","status-publish","hentry"],"yoast_head":"<!-- This site is optimized with the Yoast SEO plugin v27.3 - https:\/\/yoast.com\/product\/yoast-seo-wordpress\/ -->\n<title>Pol\u00edtica de cancelaci\u00f3n<\/title>\n<meta name=\"robots\" content=\"noindex, follow\" \/>\n<meta property=\"og:locale\" content=\"en_US\" \/>\n<meta property=\"og:type\" content=\"article\" \/>\n<meta property=\"og:title\" content=\"Pol\u00edtica de cancelaci\u00f3n\" \/>\n<meta property=\"og:description\" content=\"Derecho de desistimiento Tiene derecho a desistir de los contratos dentro de un plazo de catorce d\u00edas sin necesidad de justificaci\u00f3n. El plazo comienza con la celebraci\u00f3n del contrato. Para ejercer su derecho, basta con una notificaci\u00f3n informal por correo electr\u00f3nico a info@gull.ch. El env\u00edo dentro del plazo es suficiente. Consecuencias del desistimiento En caso [&hellip;]\" \/>\n<meta property=\"og:url\" content=\"https:\/\/chatx.ai\/blog\/es\/politica-de-cancelacion\/\" \/>\n<meta property=\"og:site_name\" content=\"ChatX Blog\" \/>\n<meta property=\"article:modified_time\" content=\"2026-04-01T10:08:38+00:00\" \/>\n<meta name=\"twitter:card\" content=\"summary_large_image\" \/>\n<meta name=\"twitter:site\" content=\"@chatx_ai\" \/>\n<meta name=\"twitter:label1\" content=\"Est. reading time\" \/>\n\t<meta name=\"twitter:data1\" content=\"2 minutes\" \/>\n<script type=\"application\/ld+json\" class=\"yoast-schema-graph\">{\"@context\":\"https:\\\/\\\/schema.org\",\"@graph\":[{\"@type\":\"WebPage\",\"@id\":\"https:\\\/\\\/chatx.ai\\\/blog\\\/es\\\/politica-de-cancelacion\\\/\",\"url\":\"https:\\\/\\\/chatx.ai\\\/blog\\\/es\\\/politica-de-cancelacion\\\/\",\"name\":\"Pol\u00edtica de cancelaci\u00f3n\",\"isPartOf\":{\"@id\":\"https:\\\/\\\/chatx.ai\\\/blog\\\/#website\"},\"datePublished\":\"2023-06-21T19:56:01+00:00\",\"dateModified\":\"2026-04-01T10:08:38+00:00\",\"breadcrumb\":{\"@id\":\"https:\\\/\\\/chatx.ai\\\/blog\\\/es\\\/politica-de-cancelacion\\\/#breadcrumb\"},\"inLanguage\":\"en-US\",\"potentialAction\":[{\"@type\":\"ReadAction\",\"target\":[\"https:\\\/\\\/chatx.ai\\\/blog\\\/es\\\/politica-de-cancelacion\\\/\"]}]},{\"@type\":\"BreadcrumbList\",\"@id\":\"https:\\\/\\\/chatx.ai\\\/blog\\\/es\\\/politica-de-cancelacion\\\/#breadcrumb\",\"itemListElement\":[{\"@type\":\"ListItem\",\"position\":1,\"name\":\"Home\",\"item\":\"https:\\\/\\\/chatx.ai\\\/blog\\\/\"},{\"@type\":\"ListItem\",\"position\":2,\"name\":\"Pol\u00edtica de cancelaci\u00f3n\"}]},{\"@type\":\"WebSite\",\"@id\":\"https:\\\/\\\/chatx.ai\\\/blog\\\/#website\",\"url\":\"https:\\\/\\\/chatx.ai\\\/blog\\\/\",\"name\":\"ChatGPT\",\"description\":\"ChatGPT English\",\"publisher\":{\"@id\":\"https:\\\/\\\/chatx.ai\\\/blog\\\/#organization\"},\"potentialAction\":[{\"@type\":\"SearchAction\",\"target\":{\"@type\":\"EntryPoint\",\"urlTemplate\":\"https:\\\/\\\/chatx.ai\\\/blog\\\/?s={search_term_string}\"},\"query-input\":{\"@type\":\"PropertyValueSpecification\",\"valueRequired\":true,\"valueName\":\"search_term_string\"}}],\"inLanguage\":\"en-US\"},{\"@type\":\"Organization\",\"@id\":\"https:\\\/\\\/chatx.ai\\\/blog\\\/#organization\",\"name\":\"ChatX\",\"alternateName\":\"ChatGPT\",\"url\":\"https:\\\/\\\/chatx.ai\\\/blog\\\/\",\"logo\":{\"@type\":\"ImageObject\",\"inLanguage\":\"en-US\",\"@id\":\"https:\\\/\\\/chatx.ai\\\/blog\\\/#\\\/schema\\\/logo\\\/image\\\/\",\"url\":\"https:\\\/\\\/chatx.ai\\\/blog\\\/wp-content\\\/uploads\\\/2025\\\/04\\\/chatx.jpg\",\"contentUrl\":\"https:\\\/\\\/chatx.ai\\\/blog\\\/wp-content\\\/uploads\\\/2025\\\/04\\\/chatx.jpg\",\"width\":1024,\"height\":1024,\"caption\":\"ChatX\"},\"image\":{\"@id\":\"https:\\\/\\\/chatx.ai\\\/blog\\\/#\\\/schema\\\/logo\\\/image\\\/\"},\"sameAs\":[\"https:\\\/\\\/x.com\\\/chatx_ai\",\"https:\\\/\\\/instagram.com\\\/chatx.ai\"]}]}<\/script>\n<!-- \/ Yoast SEO plugin. -->","yoast_head_json":{"title":"Pol\u00edtica de cancelaci\u00f3n","robots":{"index":"noindex","follow":"follow"},"og_locale":"en_US","og_type":"article","og_title":"Pol\u00edtica de cancelaci\u00f3n","og_description":"Derecho de desistimiento Tiene derecho a desistir de los contratos dentro de un plazo de catorce d\u00edas sin necesidad de justificaci\u00f3n. El plazo comienza con la celebraci\u00f3n del contrato. Para ejercer su derecho, basta con una notificaci\u00f3n informal por correo electr\u00f3nico a info@gull.ch. El env\u00edo dentro del plazo es suficiente. Consecuencias del desistimiento En caso [&hellip;]","og_url":"https:\/\/chatx.ai\/blog\/es\/politica-de-cancelacion\/","og_site_name":"ChatX Blog","article_modified_time":"2026-04-01T10:08:38+00:00","twitter_card":"summary_large_image","twitter_site":"@chatx_ai","twitter_misc":{"Est. reading time":"2 minutes"},"schema":{"@context":"https:\/\/schema.org","@graph":[{"@type":"WebPage","@id":"https:\/\/chatx.ai\/blog\/es\/politica-de-cancelacion\/","url":"https:\/\/chatx.ai\/blog\/es\/politica-de-cancelacion\/","name":"Pol\u00edtica de cancelaci\u00f3n","isPartOf":{"@id":"https:\/\/chatx.ai\/blog\/#website"},"datePublished":"2023-06-21T19:56:01+00:00","dateModified":"2026-04-01T10:08:38+00:00","breadcrumb":{"@id":"https:\/\/chatx.ai\/blog\/es\/politica-de-cancelacion\/#breadcrumb"},"inLanguage":"en-US","potentialAction":[{"@type":"ReadAction","target":["https:\/\/chatx.ai\/blog\/es\/politica-de-cancelacion\/"]}]},{"@type":"BreadcrumbList","@id":"https:\/\/chatx.ai\/blog\/es\/politica-de-cancelacion\/#breadcrumb","itemListElement":[{"@type":"ListItem","position":1,"name":"Home","item":"https:\/\/chatx.ai\/blog\/"},{"@type":"ListItem","position":2,"name":"Pol\u00edtica de cancelaci\u00f3n"}]},{"@type":"WebSite","@id":"https:\/\/chatx.ai\/blog\/#website","url":"https:\/\/chatx.ai\/blog\/","name":"ChatGPT","description":"ChatGPT English","publisher":{"@id":"https:\/\/chatx.ai\/blog\/#organization"},"potentialAction":[{"@type":"SearchAction","target":{"@type":"EntryPoint","urlTemplate":"https:\/\/chatx.ai\/blog\/?s={search_term_string}"},"query-input":{"@type":"PropertyValueSpecification","valueRequired":true,"valueName":"search_term_string"}}],"inLanguage":"en-US"},{"@type":"Organization","@id":"https:\/\/chatx.ai\/blog\/#organization","name":"ChatX","alternateName":"ChatGPT","url":"https:\/\/chatx.ai\/blog\/","logo":{"@type":"ImageObject","inLanguage":"en-US","@id":"https:\/\/chatx.ai\/blog\/#\/schema\/logo\/image\/","url":"https:\/\/chatx.ai\/blog\/wp-content\/uploads\/2025\/04\/chatx.jpg","contentUrl":"https:\/\/chatx.ai\/blog\/wp-content\/uploads\/2025\/04\/chatx.jpg","width":1024,"height":1024,"caption":"ChatX"},"image":{"@id":"https:\/\/chatx.ai\/blog\/#\/schema\/logo\/image\/"},"sameAs":["https:\/\/x.com\/chatx_ai","https:\/\/instagram.com\/chatx.ai"]}]}},"lang":"es","translations":{"es":479,"de":787,"fr":473,"pt-br":485,"en":174,"it":747},"pll_sync_post":[],"_links":{"self":[{"href":"https:\/\/chatx.ai\/blog\/wp-json\/wp\/v2\/pages\/479","targetHints":{"allow":["GET"]}}],"collection":[{"href":"https:\/\/chatx.ai\/blog\/wp-json\/wp\/v2\/pages"}],"about":[{"href":"https:\/\/chatx.ai\/blog\/wp-json\/wp\/v2\/types\/page"}],"author":[{"embeddable":true,"href":"https:\/\/chatx.ai\/blog\/wp-json\/wp\/v2\/users\/1"}],"replies":[{"embeddable":true,"href":"https:\/\/chatx.ai\/blog\/wp-json\/wp\/v2\/comments?post=479"}],"version-history":[{"count":4,"href":"https:\/\/chatx.ai\/blog\/wp-json\/wp\/v2\/pages\/479\/revisions"}],"predecessor-version":[{"id":793,"href":"https:\/\/chatx.ai\/blog\/wp-json\/wp\/v2\/pages\/479\/revisions\/793"}],"wp:attachment":[{"href":"https:\/\/chatx.ai\/blog\/wp-json\/wp\/v2\/media?parent=479"}],"curies":[{"name":"wp","href":"https:\/\/api.w.org\/{rel}","templated":true}]}}