{"id":485,"date":"2023-06-21T19:56:01","date_gmt":"2023-06-21T19:56:01","guid":{"rendered":"https:\/\/chatx.ai\/blog\/?page_id=485"},"modified":"2026-04-01T10:08:53","modified_gmt":"2026-04-01T10:08:53","slug":"politica-de-cancelamento","status":"publish","type":"page","link":"https:\/\/chatx.ai\/blog\/pt-br\/politica-de-cancelamento\/","title":{"rendered":"Pol\u00edtica de cancelamento"},"content":{"rendered":"<h4>Direito de arrependimento<\/h4>\n<p>Voc\u00ea tem o direito de cancelar contratos no prazo de quatorze dias sem necessidade de justificativa. O prazo come\u00e7a a partir da celebra\u00e7\u00e3o do contrato.<\/p>\n<p>Para exercer o direito, basta enviar uma notifica\u00e7\u00e3o informal por e-mail para <a href=\"mailto:info@gull.ch\">info@gull.ch<\/a>. O envio dentro do prazo \u00e9 suficiente.<\/p>\n<h4>Consequ\u00eancias do cancelamento<\/h4>\n<p>Em caso de cancelamento v\u00e1lido, reembolsaremos todos os pagamentos recebidos sem demora e no m\u00e1ximo em at\u00e9 quatorze dias a partir do recebimento. O reembolso ser\u00e1 feito pelo mesmo m\u00e9todo de pagamento, salvo acordo em contr\u00e1rio. N\u00e3o haver\u00e1 custos.<\/p>\n<h4>Extin\u00e7\u00e3o do direito de arrependimento<\/h4>\n<p>O direito pode ser extinto com o uso antecipado do servi\u00e7o, especialmente no consumo de cr\u00e9ditos ou no uso intensivo de uma assinatura.<\/p>\n<p>Em casos individuais, reservamo-nos o direito de avaliar se o uso do servi\u00e7o ou o cancelamento foi abusivo.<\/p>\n<p>Se algo n\u00e3o atendeu \u00e0s suas expectativas, entre em contato conosco em <a href=\"mailto:info@gull.ch\">info@gull.ch<\/a>.<\/p>\n<p><strong>Data: mar\u00e7o de 2026<\/strong><\/p>\n","protected":false},"excerpt":{"rendered":"<p>Direito de arrependimento Voc\u00ea tem o direito de cancelar contratos no prazo de quatorze dias sem necessidade de justificativa. O prazo come\u00e7a a partir da celebra\u00e7\u00e3o do contrato. Para exercer o direito, basta enviar uma notifica\u00e7\u00e3o informal por e-mail para info@gull.ch. O envio dentro do prazo \u00e9 suficiente. Consequ\u00eancias do cancelamento Em caso de cancelamento [&hellip;]<\/p>\n","protected":false},"author":1,"featured_media":0,"parent":0,"menu_order":0,"comment_status":"closed","ping_status":"closed","template":"","meta":{"footnotes":""},"class_list":["post-485","page","type-page","status-publish","hentry"],"yoast_head":"<!-- This site is optimized with the Yoast SEO plugin v27.3 - https:\/\/yoast.com\/product\/yoast-seo-wordpress\/ -->\n<title>Pol\u00edtica de cancelamento<\/title>\n<meta name=\"robots\" content=\"noindex, follow\" \/>\n<meta property=\"og:locale\" content=\"en_US\" \/>\n<meta property=\"og:type\" content=\"article\" \/>\n<meta property=\"og:title\" content=\"Pol\u00edtica de cancelamento\" \/>\n<meta property=\"og:description\" content=\"Direito de arrependimento Voc\u00ea tem o direito de cancelar contratos no prazo de quatorze dias sem necessidade de justificativa. O prazo come\u00e7a a partir da celebra\u00e7\u00e3o do contrato. Para exercer o direito, basta enviar uma notifica\u00e7\u00e3o informal por e-mail para info@gull.ch. O envio dentro do prazo \u00e9 suficiente. Consequ\u00eancias do cancelamento Em caso de cancelamento [&hellip;]\" \/>\n<meta property=\"og:url\" content=\"https:\/\/chatx.ai\/blog\/pt-br\/politica-de-cancelamento\/\" \/>\n<meta property=\"og:site_name\" content=\"ChatX Blog\" \/>\n<meta property=\"article:modified_time\" content=\"2026-04-01T10:08:53+00:00\" \/>\n<meta name=\"twitter:card\" content=\"summary_large_image\" \/>\n<meta name=\"twitter:site\" content=\"@chatx_ai\" \/>\n<meta name=\"twitter:label1\" content=\"Est. reading time\" \/>\n\t<meta name=\"twitter:data1\" content=\"2 minutes\" \/>\n<script type=\"application\/ld+json\" class=\"yoast-schema-graph\">{\"@context\":\"https:\\\/\\\/schema.org\",\"@graph\":[{\"@type\":\"WebPage\",\"@id\":\"https:\\\/\\\/chatx.ai\\\/blog\\\/pt-br\\\/politica-de-cancelamento\\\/\",\"url\":\"https:\\\/\\\/chatx.ai\\\/blog\\\/pt-br\\\/politica-de-cancelamento\\\/\",\"name\":\"Pol\u00edtica de cancelamento\",\"isPartOf\":{\"@id\":\"https:\\\/\\\/chatx.ai\\\/blog\\\/#website\"},\"datePublished\":\"2023-06-21T19:56:01+00:00\",\"dateModified\":\"2026-04-01T10:08:53+00:00\",\"breadcrumb\":{\"@id\":\"https:\\\/\\\/chatx.ai\\\/blog\\\/pt-br\\\/politica-de-cancelamento\\\/#breadcrumb\"},\"inLanguage\":\"en-US\",\"potentialAction\":[{\"@type\":\"ReadAction\",\"target\":[\"https:\\\/\\\/chatx.ai\\\/blog\\\/pt-br\\\/politica-de-cancelamento\\\/\"]}]},{\"@type\":\"BreadcrumbList\",\"@id\":\"https:\\\/\\\/chatx.ai\\\/blog\\\/pt-br\\\/politica-de-cancelamento\\\/#breadcrumb\",\"itemListElement\":[{\"@type\":\"ListItem\",\"position\":1,\"name\":\"Home\",\"item\":\"https:\\\/\\\/chatx.ai\\\/blog\\\/\"},{\"@type\":\"ListItem\",\"position\":2,\"name\":\"Pol\u00edtica de cancelamento\"}]},{\"@type\":\"WebSite\",\"@id\":\"https:\\\/\\\/chatx.ai\\\/blog\\\/#website\",\"url\":\"https:\\\/\\\/chatx.ai\\\/blog\\\/\",\"name\":\"ChatGPT\",\"description\":\"ChatGPT English\",\"publisher\":{\"@id\":\"https:\\\/\\\/chatx.ai\\\/blog\\\/#organization\"},\"potentialAction\":[{\"@type\":\"SearchAction\",\"target\":{\"@type\":\"EntryPoint\",\"urlTemplate\":\"https:\\\/\\\/chatx.ai\\\/blog\\\/?s={search_term_string}\"},\"query-input\":{\"@type\":\"PropertyValueSpecification\",\"valueRequired\":true,\"valueName\":\"search_term_string\"}}],\"inLanguage\":\"en-US\"},{\"@type\":\"Organization\",\"@id\":\"https:\\\/\\\/chatx.ai\\\/blog\\\/#organization\",\"name\":\"ChatX\",\"alternateName\":\"ChatGPT\",\"url\":\"https:\\\/\\\/chatx.ai\\\/blog\\\/\",\"logo\":{\"@type\":\"ImageObject\",\"inLanguage\":\"en-US\",\"@id\":\"https:\\\/\\\/chatx.ai\\\/blog\\\/#\\\/schema\\\/logo\\\/image\\\/\",\"url\":\"https:\\\/\\\/chatx.ai\\\/blog\\\/wp-content\\\/uploads\\\/2025\\\/04\\\/chatx.jpg\",\"contentUrl\":\"https:\\\/\\\/chatx.ai\\\/blog\\\/wp-content\\\/uploads\\\/2025\\\/04\\\/chatx.jpg\",\"width\":1024,\"height\":1024,\"caption\":\"ChatX\"},\"image\":{\"@id\":\"https:\\\/\\\/chatx.ai\\\/blog\\\/#\\\/schema\\\/logo\\\/image\\\/\"},\"sameAs\":[\"https:\\\/\\\/x.com\\\/chatx_ai\",\"https:\\\/\\\/instagram.com\\\/chatx.ai\"]}]}<\/script>\n<!-- \/ Yoast SEO plugin. -->","yoast_head_json":{"title":"Pol\u00edtica de cancelamento","robots":{"index":"noindex","follow":"follow"},"og_locale":"en_US","og_type":"article","og_title":"Pol\u00edtica de cancelamento","og_description":"Direito de arrependimento Voc\u00ea tem o direito de cancelar contratos no prazo de quatorze dias sem necessidade de justificativa. O prazo come\u00e7a a partir da celebra\u00e7\u00e3o do contrato. Para exercer o direito, basta enviar uma notifica\u00e7\u00e3o informal por e-mail para info@gull.ch. O envio dentro do prazo \u00e9 suficiente. Consequ\u00eancias do cancelamento Em caso de cancelamento [&hellip;]","og_url":"https:\/\/chatx.ai\/blog\/pt-br\/politica-de-cancelamento\/","og_site_name":"ChatX Blog","article_modified_time":"2026-04-01T10:08:53+00:00","twitter_card":"summary_large_image","twitter_site":"@chatx_ai","twitter_misc":{"Est. reading time":"2 minutes"},"schema":{"@context":"https:\/\/schema.org","@graph":[{"@type":"WebPage","@id":"https:\/\/chatx.ai\/blog\/pt-br\/politica-de-cancelamento\/","url":"https:\/\/chatx.ai\/blog\/pt-br\/politica-de-cancelamento\/","name":"Pol\u00edtica de cancelamento","isPartOf":{"@id":"https:\/\/chatx.ai\/blog\/#website"},"datePublished":"2023-06-21T19:56:01+00:00","dateModified":"2026-04-01T10:08:53+00:00","breadcrumb":{"@id":"https:\/\/chatx.ai\/blog\/pt-br\/politica-de-cancelamento\/#breadcrumb"},"inLanguage":"en-US","potentialAction":[{"@type":"ReadAction","target":["https:\/\/chatx.ai\/blog\/pt-br\/politica-de-cancelamento\/"]}]},{"@type":"BreadcrumbList","@id":"https:\/\/chatx.ai\/blog\/pt-br\/politica-de-cancelamento\/#breadcrumb","itemListElement":[{"@type":"ListItem","position":1,"name":"Home","item":"https:\/\/chatx.ai\/blog\/"},{"@type":"ListItem","position":2,"name":"Pol\u00edtica de cancelamento"}]},{"@type":"WebSite","@id":"https:\/\/chatx.ai\/blog\/#website","url":"https:\/\/chatx.ai\/blog\/","name":"ChatGPT","description":"ChatGPT English","publisher":{"@id":"https:\/\/chatx.ai\/blog\/#organization"},"potentialAction":[{"@type":"SearchAction","target":{"@type":"EntryPoint","urlTemplate":"https:\/\/chatx.ai\/blog\/?s={search_term_string}"},"query-input":{"@type":"PropertyValueSpecification","valueRequired":true,"valueName":"search_term_string"}}],"inLanguage":"en-US"},{"@type":"Organization","@id":"https:\/\/chatx.ai\/blog\/#organization","name":"ChatX","alternateName":"ChatGPT","url":"https:\/\/chatx.ai\/blog\/","logo":{"@type":"ImageObject","inLanguage":"en-US","@id":"https:\/\/chatx.ai\/blog\/#\/schema\/logo\/image\/","url":"https:\/\/chatx.ai\/blog\/wp-content\/uploads\/2025\/04\/chatx.jpg","contentUrl":"https:\/\/chatx.ai\/blog\/wp-content\/uploads\/2025\/04\/chatx.jpg","width":1024,"height":1024,"caption":"ChatX"},"image":{"@id":"https:\/\/chatx.ai\/blog\/#\/schema\/logo\/image\/"},"sameAs":["https:\/\/x.com\/chatx_ai","https:\/\/instagram.com\/chatx.ai"]}]}},"lang":"pt-br","translations":{"pt-br":485,"de":787,"fr":473,"es":479,"en":174,"it":747},"pll_sync_post":[],"_links":{"self":[{"href":"https:\/\/chatx.ai\/blog\/wp-json\/wp\/v2\/pages\/485","targetHints":{"allow":["GET"]}}],"collection":[{"href":"https:\/\/chatx.ai\/blog\/wp-json\/wp\/v2\/pages"}],"about":[{"href":"https:\/\/chatx.ai\/blog\/wp-json\/wp\/v2\/types\/page"}],"author":[{"embeddable":true,"href":"https:\/\/chatx.ai\/blog\/wp-json\/wp\/v2\/users\/1"}],"replies":[{"embeddable":true,"href":"https:\/\/chatx.ai\/blog\/wp-json\/wp\/v2\/comments?post=485"}],"version-history":[{"count":4,"href":"https:\/\/chatx.ai\/blog\/wp-json\/wp\/v2\/pages\/485\/revisions"}],"predecessor-version":[{"id":795,"href":"https:\/\/chatx.ai\/blog\/wp-json\/wp\/v2\/pages\/485\/revisions\/795"}],"wp:attachment":[{"href":"https:\/\/chatx.ai\/blog\/wp-json\/wp\/v2\/media?parent=485"}],"curies":[{"name":"wp","href":"https:\/\/api.w.org\/{rel}","templated":true}]}}